{"id":1236,"date":"2024-10-31T22:43:01","date_gmt":"2024-10-31T22:43:01","guid":{"rendered":"https:\/\/autism-world.org\/?page_id=1236"},"modified":"2024-10-31T22:44:38","modified_gmt":"2024-10-31T22:44:38","slug":"the-world-for-autism-copy","status":"publish","type":"page","link":"https:\/\/autism-world.org\/?page_id=1236","title":{"rendered":"JOYWELL"},"content":{"rendered":"\t\t<div data-elementor-type=\"wp-page\" data-elementor-id=\"1236\" class=\"elementor elementor-1236\">\n\t\t\t\t\t\t<section class=\"elementor-section elementor-top-section elementor-element elementor-element-b25c7c0 elementor-section-boxed elementor-section-height-default elementor-section-height-default\" data-id=\"b25c7c0\" data-element_type=\"section\">\n\t\t\t\t\t\t<div class=\"elementor-container elementor-column-gap-default\">\n\t\t\t\t\t<div class=\"elementor-column elementor-col-100 elementor-top-column elementor-element elementor-element-6a7e601\" data-id=\"6a7e601\" data-element_type=\"column\">\n\t\t\t<div class=\"elementor-widget-wrap elementor-element-populated\">\n\t\t\t\t\t\t<div class=\"elementor-element elementor-element-69fecc2 elementor-widget elementor-widget-image\" data-id=\"69fecc2\" data-element_type=\"widget\" data-widget_type=\"image.default\">\n\t\t\t\t<div class=\"elementor-widget-container\">\n\t\t\t\t\t\t\t\t\t\t\t\t\t\t\t<img fetchpriority=\"high\" decoding=\"async\" width=\"300\" height=\"300\" src=\"https:\/\/autism-world.org\/wp-content\/uploads\/2021\/10\/Logo-300x300.png\" class=\"attachment-medium size-medium wp-image-525\" alt=\"\" srcset=\"https:\/\/autism-world.org\/wp-content\/uploads\/2021\/10\/Logo-300x300.png 300w, https:\/\/autism-world.org\/wp-content\/uploads\/2021\/10\/Logo-1024x1024.png 1024w, https:\/\/autism-world.org\/wp-content\/uploads\/2021\/10\/Logo-150x150.png 150w, https:\/\/autism-world.org\/wp-content\/uploads\/2021\/10\/Logo-768x768.png 768w, https:\/\/autism-world.org\/wp-content\/uploads\/2021\/10\/Logo-1536x1536.png 1536w, https:\/\/autism-world.org\/wp-content\/uploads\/2021\/10\/Logo.png 2048w\" sizes=\"(max-width: 300px) 100vw, 300px\" \/>\t\t\t\t\t\t\t\t\t\t\t\t\t\t\t<\/div>\n\t\t\t\t<\/div>\n\t\t\t\t<section class=\"elementor-section elementor-inner-section elementor-element elementor-element-0fd55f8 elementor-section-boxed elementor-section-height-default elementor-section-height-default\" data-id=\"0fd55f8\" data-element_type=\"section\">\n\t\t\t\t\t\t<div class=\"elementor-container elementor-column-gap-default\">\n\t\t\t\t\t<div class=\"elementor-column elementor-col-50 elementor-inner-column elementor-element elementor-element-8f2ae3c\" data-id=\"8f2ae3c\" data-element_type=\"column\">\n\t\t\t<div class=\"elementor-widget-wrap elementor-element-populated\">\n\t\t\t\t\t\t<div class=\"elementor-element elementor-element-8ef8a5e elementor-widget elementor-widget-image\" data-id=\"8ef8a5e\" data-element_type=\"widget\" data-widget_type=\"image.default\">\n\t\t\t\t<div class=\"elementor-widget-container\">\n\t\t\t\t\t\t\t\t\t\t\t\t\t\t\t<img decoding=\"async\" width=\"819\" height=\"1024\" src=\"https:\/\/autism-world.org\/wp-content\/uploads\/2024\/10\/461686107_1686302645493155_4874218973158363802_n-819x1024.jpg\" class=\"attachment-large size-large wp-image-1238\" alt=\"\" srcset=\"https:\/\/autism-world.org\/wp-content\/uploads\/2024\/10\/461686107_1686302645493155_4874218973158363802_n-819x1024.jpg 819w, https:\/\/autism-world.org\/wp-content\/uploads\/2024\/10\/461686107_1686302645493155_4874218973158363802_n-240x300.jpg 240w, https:\/\/autism-world.org\/wp-content\/uploads\/2024\/10\/461686107_1686302645493155_4874218973158363802_n-768x960.jpg 768w, https:\/\/autism-world.org\/wp-content\/uploads\/2024\/10\/461686107_1686302645493155_4874218973158363802_n.jpg 1080w\" sizes=\"(max-width: 819px) 100vw, 819px\" \/>\t\t\t\t\t\t\t\t\t\t\t\t\t\t\t<\/div>\n\t\t\t\t<\/div>\n\t\t\t\t\t<\/div>\n\t\t<\/div>\n\t\t\t\t<div class=\"elementor-column elementor-col-50 elementor-inner-column elementor-element elementor-element-d86f305\" data-id=\"d86f305\" data-element_type=\"column\">\n\t\t\t<div class=\"elementor-widget-wrap elementor-element-populated\">\n\t\t\t\t\t\t<div class=\"elementor-element elementor-element-4a22df2 elementor-widget elementor-widget-text-editor\" data-id=\"4a22df2\" data-element_type=\"widget\" data-widget_type=\"text-editor.default\">\n\t\t\t\t<div class=\"elementor-widget-container\">\n\t\t\t\t\t\t\t\t\t<p>Joywell Fest, es un evento a beneficio de <a class=\"x1i10hfl xjbqb8w x1ejq31n xd10rxx x1sy0etr x17r0tee x972fbf xcfux6l x1qhh985 xm0m39n x9f619 x1ypdohk xt0psk2 xe8uvvx xdj266r x11i5rnm xat24cr x1mh8g0r xexx8yu x4uap5 x18d9i69 xkhd6sd x16tdsg8 x1hl2dhg xggy1nq x1a2a7pz notranslate _a6hd\" tabindex=\"0\" role=\"link\" href=\"https:\/\/www.instagram.com\/showmeyourworldfoundation\/\">@showmeyourworldfoundation<\/a>, que promueve la conexi\u00f3n, diversi\u00f3n y bienestar integral de las familias, donde los padres participar\u00e1n en actividad f\u00edsica guiada, mientras los m\u00e1s peque\u00f1os participar\u00e1n en una actividad de cocina explorando, nutri\u00e9ndose y divirti\u00e9ndose \ud83e\udd29<\/p>\t\t\t\t\t\t\t\t<\/div>\n\t\t\t\t<\/div>\n\t\t\t\t\t<\/div>\n\t\t<\/div>\n\t\t\t\t\t<\/div>\n\t\t<\/section>\n\t\t\t\t\t<\/div>\n\t\t<\/div>\n\t\t\t\t\t<\/div>\n\t\t<\/section>\n\t\t\t\t<\/div>\n\t\t","protected":false},"excerpt":{"rendered":"<p>Joywell Fest, es un evento a beneficio de @showmeyourworldfoundation, que promueve la conexi\u00f3n, diversi\u00f3n y bienestar integral de las familias, donde los padres participar\u00e1n en actividad f\u00edsica guiada, mientras los m\u00e1s peque\u00f1os participar\u00e1n en una actividad de cocina explorando, nutri\u00e9ndose y divirti\u00e9ndose ?<\/p>\n","protected":false},"author":5393,"featured_media":0,"parent":0,"menu_order":0,"comment_status":"closed","ping_status":"closed","template":"elementor_header_footer","meta":{"_eb_attr":"","ocean_post_layout":"","ocean_both_sidebars_style":"","ocean_both_sidebars_content_width":0,"ocean_both_sidebars_sidebars_width":0,"ocean_sidebar":"0","ocean_second_sidebar":"0","ocean_disable_margins":"enable","ocean_add_body_class":"","ocean_shortcode_before_top_bar":"","ocean_shortcode_after_top_bar":"","ocean_shortcode_before_header":"","ocean_shortcode_after_header":"","ocean_has_shortcode":"","ocean_shortcode_after_title":"","ocean_shortcode_before_footer_widgets":"","ocean_shortcode_after_footer_widgets":"","ocean_shortcode_before_footer_bottom":"","ocean_shortcode_after_footer_bottom":"","ocean_display_top_bar":"default","ocean_display_header":"default","ocean_header_style":"","ocean_center_header_left_menu":"0","ocean_custom_header_template":"0","ocean_custom_logo":0,"ocean_custom_retina_logo":0,"ocean_custom_logo_max_width":0,"ocean_custom_logo_tablet_max_width":0,"ocean_custom_logo_mobile_max_width":0,"ocean_custom_logo_max_height":0,"ocean_custom_logo_tablet_max_height":0,"ocean_custom_logo_mobile_max_height":0,"ocean_header_custom_menu":"0","ocean_menu_typo_font_family":"0","ocean_menu_typo_font_subset":"","ocean_menu_typo_font_size":0,"ocean_menu_typo_font_size_tablet":0,"ocean_menu_typo_font_size_mobile":0,"ocean_menu_typo_font_size_unit":"px","ocean_menu_typo_font_weight":"","ocean_menu_typo_font_weight_tablet":"","ocean_menu_typo_font_weight_mobile":"","ocean_menu_typo_transform":"","ocean_menu_typo_transform_tablet":"","ocean_menu_typo_transform_mobile":"","ocean_menu_typo_line_height":0,"ocean_menu_typo_line_height_tablet":0,"ocean_menu_typo_line_height_mobile":0,"ocean_menu_typo_line_height_unit":"","ocean_menu_typo_spacing":0,"ocean_menu_typo_spacing_tablet":0,"ocean_menu_typo_spacing_mobile":0,"ocean_menu_typo_spacing_unit":"","ocean_menu_link_color":"","ocean_menu_link_color_hover":"","ocean_menu_link_color_active":"","ocean_menu_link_background":"","ocean_menu_link_hover_background":"","ocean_menu_link_active_background":"","ocean_menu_social_links_bg":"","ocean_menu_social_hover_links_bg":"","ocean_menu_social_links_color":"","ocean_menu_social_hover_links_color":"","ocean_disable_title":"default","ocean_disable_heading":"default","ocean_post_title":"","ocean_post_subheading":"","ocean_post_title_style":"","ocean_post_title_background_color":"","ocean_post_title_background":0,"ocean_post_title_bg_image_position":"","ocean_post_title_bg_image_attachment":"","ocean_post_title_bg_image_repeat":"","ocean_post_title_bg_image_size":"","ocean_post_title_height":0,"ocean_post_title_bg_overlay":0.5,"ocean_post_title_bg_overlay_color":"","ocean_disable_breadcrumbs":"default","ocean_breadcrumbs_color":"","ocean_breadcrumbs_separator_color":"","ocean_breadcrumbs_links_color":"","ocean_breadcrumbs_links_hover_color":"","ocean_display_footer_widgets":"default","ocean_display_footer_bottom":"default","ocean_custom_footer_template":"0","footnotes":""},"class_list":["post-1236","page","type-page","status-publish","hentry","entry"],"_links":{"self":[{"href":"https:\/\/autism-world.org\/index.php?rest_route=\/wp\/v2\/pages\/1236","targetHints":{"allow":["GET"]}}],"collection":[{"href":"https:\/\/autism-world.org\/index.php?rest_route=\/wp\/v2\/pages"}],"about":[{"href":"https:\/\/autism-world.org\/index.php?rest_route=\/wp\/v2\/types\/page"}],"author":[{"embeddable":true,"href":"https:\/\/autism-world.org\/index.php?rest_route=\/wp\/v2\/users\/5393"}],"replies":[{"embeddable":true,"href":"https:\/\/autism-world.org\/index.php?rest_route=%2Fwp%2Fv2%2Fcomments&post=1236"}],"version-history":[{"count":7,"href":"https:\/\/autism-world.org\/index.php?rest_route=\/wp\/v2\/pages\/1236\/revisions"}],"predecessor-version":[{"id":1245,"href":"https:\/\/autism-world.org\/index.php?rest_route=\/wp\/v2\/pages\/1236\/revisions\/1245"}],"wp:attachment":[{"href":"https:\/\/autism-world.org\/index.php?rest_route=%2Fwp%2Fv2%2Fmedia&parent=1236"}],"curies":[{"name":"wp","href":"https:\/\/api.w.org\/{rel}","templated":true}]}}